{"id":88,"date":"2026-02-18T08:30:04","date_gmt":"2026-02-18T08:30:04","guid":{"rendered":"http:\/\/192.168.25.146\/?page_id=88"},"modified":"2026-02-18T08:30:04","modified_gmt":"2026-02-18T08:30:04","slug":"politica-de-cookies","status":"publish","type":"page","link":"https:\/\/cipriern.org\/ro\/politica-de-cookies\/","title":{"rendered":"Politica de cookies"},"content":{"rendered":"\n<p><em>Politica de Cookie<\/em>&nbsp;\u2013 un \u201cinternet cookie\u201d, (termen cunoscut \u0219i ca \u201cbrowser cookie\u201d sau \u201cHTTPS cookie\u201d sau pur \u0219i simplu \u201ccookie\u201d), este un fi\u0219ier de mici dimensiuni, format din litere \u0219i numere, care va fi stocat pe computerul sau alte echipamente ale unui utilizator CNCAN, de pe care se acceseaz\u0103 internetul.<\/p>\n\n\n\n<p>Cookie-ul este instalat prin solicitarea emis\u0103 de c\u0103tre un web-server unui browser (ex: Internet Explorer, Chrome) \u0219i este complet \u201cpasiv\u201d (nu con\u021bine programe software, viru\u0219i sau spyware \u0219i nu poate accesa informa\u021biile de pe hard disk-ul utilizatorului).<\/p>\n\n\n\n<p>Un cookie este format din dou\u0103 p\u0103r\u021bi: numele \u0219i con\u021binutul sau valoarea cookie-ului. Mai mult, durata de existen\u021b\u0103 a unui cookie este determinat\u0103. Tehnic, doar web-server-ul care a trimis cookie-ul \u00eel poate accesa din nou, \u00een momentul \u00een care un utilizator se \u00eentoarce pe website-ul asociat web-server-ului respectiv.<\/p>\n","protected":false},"excerpt":{"rendered":"<p>Politica de Cookie&nbsp;\u2013 un \u201cinternet cookie\u201d, (termen cunoscut \u0219i ca \u201cbrowser cookie\u201d sau \u201cHTTPS cookie\u201d sau pur \u0219i simplu \u201ccookie\u201d), este un fi\u0219ier de mici dimensiuni, format din litere \u0219i numere, care va fi stocat pe computerul sau alte echipamente ale unui utilizator CNCAN, de pe care se acceseaz\u0103 internetul. Cookie-ul este instalat prin solicitarea [&hellip;]<\/p>\n","protected":false},"author":1,"featured_media":0,"parent":0,"menu_order":0,"comment_status":"closed","ping_status":"closed","template":"","meta":{"_uag_custom_page_level_css":"","_swt_meta_header_display":false,"_swt_meta_footer_display":false,"_swt_meta_site_title_display":false,"_swt_meta_sticky_header":false,"_swt_meta_transparent_header":false,"footnotes":""},"class_list":["post-88","page","type-page","status-publish","hentry"],"uagb_featured_image_src":{"full":false,"thumbnail":false,"medium":false,"medium_large":false,"large":false,"1536x1536":false,"2048x2048":false,"trp-custom-language-flag":false},"uagb_author_info":{"display_name":"cncan_admin","author_link":"https:\/\/cipriern.org\/ro\/author\/admin_cncan\/"},"uagb_comment_info":0,"uagb_excerpt":"Politica de Cookie&nbsp;\u2013 un \u201cinternet cookie\u201d, (termen cunoscut \u0219i ca \u201cbrowser cookie\u201d sau \u201cHTTPS cookie\u201d sau pur \u0219i simplu \u201ccookie\u201d), este un fi\u0219ier de mici dimensiuni, format din litere \u0219i numere, care va fi stocat pe computerul sau alte echipamente ale unui utilizator CNCAN, de pe care se acceseaz\u0103 internetul. Cookie-ul este instalat prin solicitarea&hellip;","_links":{"self":[{"href":"https:\/\/cipriern.org\/ro\/wp-json\/wp\/v2\/pages\/88","targetHints":{"allow":["GET"]}}],"collection":[{"href":"https:\/\/cipriern.org\/ro\/wp-json\/wp\/v2\/pages"}],"about":[{"href":"https:\/\/cipriern.org\/ro\/wp-json\/wp\/v2\/types\/page"}],"author":[{"embeddable":true,"href":"https:\/\/cipriern.org\/ro\/wp-json\/wp\/v2\/users\/1"}],"replies":[{"embeddable":true,"href":"https:\/\/cipriern.org\/ro\/wp-json\/wp\/v2\/comments?post=88"}],"version-history":[{"count":1,"href":"https:\/\/cipriern.org\/ro\/wp-json\/wp\/v2\/pages\/88\/revisions"}],"predecessor-version":[{"id":89,"href":"https:\/\/cipriern.org\/ro\/wp-json\/wp\/v2\/pages\/88\/revisions\/89"}],"wp:attachment":[{"href":"https:\/\/cipriern.org\/ro\/wp-json\/wp\/v2\/media?parent=88"}],"curies":[{"name":"wp","href":"https:\/\/api.w.org\/{rel}","templated":true}]}}